{"id":3471,"date":"2023-09-07T14:53:53","date_gmt":"2023-09-07T12:53:53","guid":{"rendered":"https:\/\/vsak.novatask.biz\/ssaca\/storia-breve\/"},"modified":"2023-11-29T11:15:19","modified_gmt":"2023-11-29T10:15:19","slug":"storia-breve","status":"publish","type":"page","link":"https:\/\/vsak.ch\/it\/ssaca\/storia-breve\/","title":{"rendered":"Storia breve"},"content":{"rendered":"\t\t<div data-elementor-type=\"wp-page\" data-elementor-id=\"3471\" class=\"elementor elementor-3471 elementor-2569\" data-elementor-post-type=\"page\">\n\t\t\t\t\t\t<section data-particle_enable=\"false\" data-particle-mobile-disabled=\"false\" class=\"elementor-section elementor-top-section elementor-element elementor-element-adccc45 elementor-section-boxed elementor-section-height-default elementor-section-height-default\" data-id=\"adccc45\" data-element_type=\"section\">\n\t\t\t\t\t\t<div class=\"elementor-container elementor-column-gap-default\">\n\t\t\t\t\t<div class=\"elementor-column elementor-col-100 elementor-top-column elementor-element elementor-element-5487978\" data-id=\"5487978\" data-element_type=\"column\">\n\t\t\t<div class=\"elementor-widget-wrap elementor-element-populated\">\n\t\t\t\t\t\t<div class=\"elementor-element elementor-element-794cea6 elementor-widget elementor-widget-heading\" data-id=\"794cea6\" data-element_type=\"widget\" data-widget_type=\"heading.default\">\n\t\t\t\t<div class=\"elementor-widget-container\">\n\t\t\t<style>\/*! elementor - v3.23.0 - 05-08-2024 *\/\n.elementor-heading-title{padding:0;margin:0;line-height:1}.elementor-widget-heading .elementor-heading-title[class*=elementor-size-]>a{color:inherit;font-size:inherit;line-height:inherit}.elementor-widget-heading .elementor-heading-title.elementor-size-small{font-size:15px}.elementor-widget-heading .elementor-heading-title.elementor-size-medium{font-size:19px}.elementor-widget-heading .elementor-heading-title.elementor-size-large{font-size:29px}.elementor-widget-heading .elementor-heading-title.elementor-size-xl{font-size:39px}.elementor-widget-heading .elementor-heading-title.elementor-size-xxl{font-size:59px}<\/style><h1 class=\"elementor-heading-title elementor-size-default\">Storia breve<\/h1>\t\t<\/div>\n\t\t\t\t<\/div>\n\t\t\t\t<div class=\"elementor-element elementor-element-d31f8e7 elementor-widget elementor-widget-eael-content-timeline\" data-id=\"d31f8e7\" data-element_type=\"widget\" data-widget_type=\"eael-content-timeline.default\">\n\t\t\t\t<div class=\"elementor-widget-container\">\n\t\t\t\t\t<div id=\"eael-content-timeline-d31f8e7\" class=\"content-timeline-layout- date-position- horizontal-timeline-wrapper\" data-slide_to_scroll=\"{&quot;desktop&quot;:1,&quot;tablet&quot;:1,&quot;mobile&quot;:1}\">\n\t\t\t<div class=\"eael-content-timeline-container\">\n\t\t\t\t<div class=\"eael-content-timeline-container\">\n\t\t\t\t\t\t\t\t\t\t\t\t\t\t\t\t\t\t\t\t\t\t\t\n\n<div class=\"eael-content-timeline-block history \">\n\n\t<div class=\"eael-content-timeline-line\">\n\t\t<div class=\"eael-content-timeline-inner\"><\/div>\n\t<\/div>\n\n\t\n\t<div class=\"eael-content-timeline-img eael-picture \">\n\t\t\t<\/div>\n\n\t\n\t\t<div class=\"eael-content-timeline-content\">\n\n\t\t\t<div class=\"flex gap-24\">\n\n\t\t\t\t<div class=\"w-1\/2\">\n\t\t\t\t\t\t\t\t\t\t\t<h2 class=\"eael-timeline-title\">\n\t\t\t\t\t\t\tSeconda met\u00e0 del 19 secolo\t\t\t\t\t\t<\/h2>\n\t\t\t\t\t\t\t\t\t<\/div>\n\n\t\t\t\t<div class=\"w-1\/2\">\n\t\t\t\t\t\t\t\t\t\t\t<p>I commercianti di cornici, vernici e altre forniture per artisti, i librai e gli stampatori costituiscono i primi punti di contatto per i nuovi e ricchi collezionisti d\u2019arte per l\u2019acquisto di opere d\u2019arte. Da qui nascono ben presto i primi veri e propri negozi d\u2019arte, librerie antiquarie, gallerie e negozi di antiquariato.<\/p>\n\t\t\t\t\t\n\t\t\t\t\t\t\t\t\t<\/div>\n\n\t\t\t<\/div>\n\n\t\t<\/div>\n\n\t\n<\/div>\n\n\n\t\t\t\t\t\t\t\t\t\t\t\t\t\t\t\t\t\t\n\n<div class=\"eael-content-timeline-block history \">\n\n\t<div class=\"eael-content-timeline-line\">\n\t\t<div class=\"eael-content-timeline-inner\"><\/div>\n\t<\/div>\n\n\t\n\t<div class=\"eael-content-timeline-img eael-picture \">\n\t\t\t<\/div>\n\n\t\n\t\t<div class=\"eael-content-timeline-content\">\n\n\t\t\t<div class=\"flex gap-24\">\n\n\t\t\t\t<div class=\"w-1\/2\">\n\t\t\t\t\t\t\t\t\t\t\t<h2 class=\"eael-timeline-title\">\n\t\t\t\t\t\t\t1911\t\t\t\t\t\t<\/h2>\n\t\t\t\t\t\t\t\t\t<\/div>\n\n\t\t\t\t<div class=\"w-1\/2\">\n\t\t\t\t\t\t\t\t\t\t\t<p>Un piccolo gruppo di una ventina di antiquari e mercanti d\u2019arte interessati si riunisce a Losanna per fondare il Sindacato svizzero degli antiquari e dei commercianti d\u2019arte (SSACA). L\u2019Associazione nasce con l\u2019obiettivo di promuovere gli obiettivi professionali ed economici dei commercianti, per valorizzare la professione e per proteggere dagli eventuali abusi.<\/p>\n\t\t\t\t\t\n\t\t\t\t\t\t\t\t\t<\/div>\n\n\t\t\t<\/div>\n\n\t\t<\/div>\n\n\t\n<\/div>\n\n\n\t\t\t\t\t\t\t\t\t\t\t\t\t\t\t\t\t\t\n\n<div class=\"eael-content-timeline-block history \">\n\n\t<div class=\"eael-content-timeline-line\">\n\t\t<div class=\"eael-content-timeline-inner\"><\/div>\n\t<\/div>\n\n\t\n\t<div class=\"eael-content-timeline-img eael-picture \">\n\t\t\t<\/div>\n\n\t\n\t\t<div class=\"eael-content-timeline-content\">\n\n\t\t\t<div class=\"flex gap-24\">\n\n\t\t\t\t<div class=\"w-1\/2\">\n\t\t\t\t\t\t\t\t\t\t\t<h2 class=\"eael-timeline-title\">\n\t\t\t\t\t\t\t1911 \u2013 Anni 60\t\t\t\t\t\t<\/h2>\n\t\t\t\t\t\t\t\t\t<\/div>\n\n\t\t\t\t<div class=\"w-1\/2\">\n\t\t\t\t\t\t\t\t\t\t\t<p>Sono adottati e rivisti i gli statuti dell\u2019Associazione. Gli usi e le disposizioni integrano nel corso degli anni direttive su: le condizioni di vendita con obbligo di garanzia, il tribunale arbitrale e la commissione peritale, il sistema delle aste, l\u2019attivit\u00e0 commissionale, le perizie e le autenticazioni.<\/p>\n\t\t\t\t\t\n\t\t\t\t\t\t\t\t\t<\/div>\n\n\t\t\t<\/div>\n\n\t\t<\/div>\n\n\t\n<\/div>\n\n\n\t\t\t\t\t\t\t\t\t\t\t\t\t\t\t\t\t\t\n\n<div class=\"eael-content-timeline-block history \">\n\n\t<div class=\"eael-content-timeline-line\">\n\t\t<div class=\"eael-content-timeline-inner\"><\/div>\n\t<\/div>\n\n\t\n\t<div class=\"eael-content-timeline-img eael-picture \">\n\t\t\t<\/div>\n\n\t\n\t\t<div class=\"eael-content-timeline-content\">\n\n\t\t\t<div class=\"flex gap-24\">\n\n\t\t\t\t<div class=\"w-1\/2\">\n\t\t\t\t\t\t\t\t\t\t\t<h2 class=\"eael-timeline-title\">\n\t\t\t\t\t\t\t1918 - 1945\t\t\t\t\t\t<\/h2>\n\t\t\t\t\t\t\t\t\t<\/div>\n\n\t\t\t\t<div class=\"w-1\/2\">\n\t\t\t\t\t\t\t\t\t\t\t<p>Le crisi economiche mondiali portano diversi commercianti d\u2019arte tedeschi a trasferirsi in Svizzera e a raggiungere le file dell\u2019Associazione.<\/p>\n\t\t\t\t\t\n\t\t\t\t\t\t\t\t\t<\/div>\n\n\t\t\t<\/div>\n\n\t\t<\/div>\n\n\t\n<\/div>\n\n\n\t\t\t\t\t\t\t\t\t\t\t\t\t\t\t\t\t\t\n\n<div class=\"eael-content-timeline-block history \">\n\n\t<div class=\"eael-content-timeline-line\">\n\t\t<div class=\"eael-content-timeline-inner\"><\/div>\n\t<\/div>\n\n\t\n\t<div class=\"eael-content-timeline-img eael-picture \">\n\t\t\t<\/div>\n\n\t\n\t\t<div class=\"eael-content-timeline-content\">\n\n\t\t\t<div class=\"flex gap-24\">\n\n\t\t\t\t<div class=\"w-1\/2\">\n\t\t\t\t\t\t\t\t\t\t\t<h2 class=\"eael-timeline-title\">\n\t\t\t\t\t\t\t1946 \u2013 Anni 50\t\t\t\t\t\t<\/h2>\n\t\t\t\t\t\t\t\t\t<\/div>\n\n\t\t\t\t<div class=\"w-1\/2\">\n\t\t\t\t\t\t\t\t\t\t\t<p>L\u2019Associazione costituisce l\u2019organizzazione professionale dei vertici dell\u2019arte svizzera, alla quale tutti i commercianti desideravano aderire. La solida vigilanza che l\u2019Associazione esercitava nel mercato dell\u2019arte nazionale si riflette nei rigidi criteri d\u2019ammissione di nuovi membri. L\u2019appartenenza all\u2019Associazione \u00e8 riconosciuta a livello internazionale come marchio di qualit\u00e0. <\/p>\n\t\t\t\t\t\n\t\t\t\t\t\t\t\t\t<\/div>\n\n\t\t\t<\/div>\n\n\t\t<\/div>\n\n\t\n<\/div>\n\n\n\t\t\t\t\t\t\t\t\t\t\t\t\t\t\t\t\t\t\n\n<div class=\"eael-content-timeline-block history \">\n\n\t<div class=\"eael-content-timeline-line\">\n\t\t<div class=\"eael-content-timeline-inner\"><\/div>\n\t<\/div>\n\n\t\n\t<div class=\"eael-content-timeline-img eael-picture \">\n\t\t\t<\/div>\n\n\t\n\t\t<div class=\"eael-content-timeline-content\">\n\n\t\t\t<div class=\"flex gap-24\">\n\n\t\t\t\t<div class=\"w-1\/2\">\n\t\t\t\t\t\t\t\t\t\t\t<h2 class=\"eael-timeline-title\">\n\t\t\t\t\t\t\t1959\t\t\t\t\t\t<\/h2>\n\t\t\t\t\t\t\t\t\t<\/div>\n\n\t\t\t\t<div class=\"w-1\/2\">\n\t\t\t\t\t\t\t\t\t\t\t<p>\u00c8 tenuta a Berna la prima fiera ufficiale dell\u2019Associazione, intitolata Schweizerische Kunst- und Antiquit\u00e4tenmesse (KAM). La fiera, il cui allestimento si sposter\u00e0 a Basilea e infine a Zurigo, sar\u00e0 organizzata ogni anno in primavera fino al 1995, anno della sua ultima edizione.  Con in media 100-120 espositori ogni anno, l\u2019evento era un\u2019occasione rara di vedere un\u2019ampia gamma di opere d\u2019arte di qualit\u00e0 di tutte le epoche.<br \/><img fetchpriority=\"high\" decoding=\"async\" class=\"alignnone size-medium wp-image-2479\" src=\"https:\/\/vsak.ch\/wp-content\/uploads\/Geschichte_Chronologie-213x300.jpeg\" alt=\"\" width=\"213\" height=\"300\" srcset=\"https:\/\/vsak.ch\/wp-content\/uploads\/Geschichte_Chronologie-213x300.jpeg 213w, https:\/\/vsak.ch\/wp-content\/uploads\/Geschichte_Chronologie-726x1024.jpeg 726w, https:\/\/vsak.ch\/wp-content\/uploads\/Geschichte_Chronologie-768x1083.jpeg 768w, https:\/\/vsak.ch\/wp-content\/uploads\/Geschichte_Chronologie.jpeg 850w\" sizes=\"(max-width: 213px) 100vw, 213px\" \/><\/p>\n\t\t\t\t\t\n\t\t\t\t\t\t\t\t\t<\/div>\n\n\t\t\t<\/div>\n\n\t\t<\/div>\n\n\t\n<\/div>\n\n\n\t\t\t\t\t\t\t\t\t\t\t\t\t\t\t\t\t\t\n\n<div class=\"eael-content-timeline-block history \">\n\n\t<div class=\"eael-content-timeline-line\">\n\t\t<div class=\"eael-content-timeline-inner\"><\/div>\n\t<\/div>\n\n\t\n\t<div class=\"eael-content-timeline-img eael-picture \">\n\t\t\t<\/div>\n\n\t\n\t\t<div class=\"eael-content-timeline-content\">\n\n\t\t\t<div class=\"flex gap-24\">\n\n\t\t\t\t<div class=\"w-1\/2\">\n\t\t\t\t\t\t\t\t\t\t\t<h2 class=\"eael-timeline-title\">\n\t\t\t\t\t\t\tAnni 60\t\t\t\t\t\t<\/h2>\n\t\t\t\t\t\t\t\t\t<\/div>\n\n\t\t\t\t<div class=\"w-1\/2\">\n\t\t\t\t\t\t\t\t\t\t\t<p>La deregolamentazione e la de-istituzionalizzazione del mercato, nonch\u00e9 la crescente concorrenza, indeboliscono progressivamente la posizione delle associazioni sul mercato internazionale. <\/p>\n\t\t\t\t\t\n\t\t\t\t\t\t\t\t\t<\/div>\n\n\t\t\t<\/div>\n\n\t\t<\/div>\n\n\t\n<\/div>\n\n\n\t\t\t\t\t\t\t\t\t\t\t\t\t\t\t\t\t\t\n\n<div class=\"eael-content-timeline-block history \">\n\n\t<div class=\"eael-content-timeline-line\">\n\t\t<div class=\"eael-content-timeline-inner\"><\/div>\n\t<\/div>\n\n\t\n\t<div class=\"eael-content-timeline-img eael-picture \">\n\t\t\t<\/div>\n\n\t\n\t\t<div class=\"eael-content-timeline-content\">\n\n\t\t\t<div class=\"flex gap-24\">\n\n\t\t\t\t<div class=\"w-1\/2\">\n\t\t\t\t\t\t\t\t\t\t\t<h2 class=\"eael-timeline-title\">\n\t\t\t\t\t\t\tAnni 60 \u2013 Anni 70\t\t\t\t\t\t<\/h2>\n\t\t\t\t\t\t\t\t\t<\/div>\n\n\t\t\t\t<div class=\"w-1\/2\">\n\t\t\t\t\t\t\t\t\t\t\t<p>Sono fondate le filiali di Sotheby\u2019s (1967) e Christie\u2019s (1973) in Svizzera. A differenze di tali aziende internazionali, le case d\u2019asta Fischer (LU), Eberhard W. Kornfeld (BE) o Koller (ZH) affondano le loro radici nel commercio d\u2019arte tradizionale. Tale affinit\u00e0 alla base delle buone relazioni che sussistono tra le case d\u2019asta e i commercianti d\u2019arte svizzeri nonostante la concorrenza.<\/p>\n\t\t\t\t\t\n\t\t\t\t\t\t\t\t\t<\/div>\n\n\t\t\t<\/div>\n\n\t\t<\/div>\n\n\t\n<\/div>\n\n\n\t\t\t\t\t\t\t\t\t\t\t\t\t\t\t\t\t\t\n\n<div class=\"eael-content-timeline-block history \">\n\n\t<div class=\"eael-content-timeline-line\">\n\t\t<div class=\"eael-content-timeline-inner\"><\/div>\n\t<\/div>\n\n\t\n\t<div class=\"eael-content-timeline-img eael-picture \">\n\t\t\t<\/div>\n\n\t\n\t\t<div class=\"eael-content-timeline-content\">\n\n\t\t\t<div class=\"flex gap-24\">\n\n\t\t\t\t<div class=\"w-1\/2\">\n\t\t\t\t\t\t\t\t\t\t\t<h2 class=\"eael-timeline-title\">\n\t\t\t\t\t\t\t1970\t\t\t\t\t\t<\/h2>\n\t\t\t\t\t\t\t\t\t<\/div>\n\n\t\t\t\t<div class=\"w-1\/2\">\n\t\t\t\t\t\t\t\t\t\t\t<p>\u00c8 adottata dall\u2019UNESCO la Convenzione sui mezzi per proibire e prevenire l\u2019importazione, l\u2019esportazione e il trasferimento di propriet\u00e0 illeciti di beni culturali. <\/p>\n\t\t\t\t\t\n\t\t\t\t\t\t\t\t\t<\/div>\n\n\t\t\t<\/div>\n\n\t\t<\/div>\n\n\t\n<\/div>\n\n\n\t\t\t\t\t\t\t\t\t\t\t\t\t\t\t\t\t\t\n\n<div class=\"eael-content-timeline-block history \">\n\n\t<div class=\"eael-content-timeline-line\">\n\t\t<div class=\"eael-content-timeline-inner\"><\/div>\n\t<\/div>\n\n\t\n\t<div class=\"eael-content-timeline-img eael-picture \">\n\t\t\t<\/div>\n\n\t\n\t\t<div class=\"eael-content-timeline-content\">\n\n\t\t\t<div class=\"flex gap-24\">\n\n\t\t\t\t<div class=\"w-1\/2\">\n\t\t\t\t\t\t\t\t\t\t\t<h2 class=\"eael-timeline-title\">\n\t\t\t\t\t\t\tAnni 80\t\t\t\t\t\t<\/h2>\n\t\t\t\t\t\t\t\t\t<\/div>\n\n\t\t\t\t<div class=\"w-1\/2\">\n\t\t\t\t\t\t\t\t\t\t\t<p>Le trasformazioni economiche e la globalizzazione hanno un impatto sempre pi\u00f9 profondo nel mondo dell\u2019arte. Il mercato dell\u2019arte si divide sempre pi\u00f9 profondamente tra mercato tradizionale, formato da antiquari, collezionisti e intenditori, e mercato contemporaneo, dominato da investitori e cacciatori di \u201ctrofei\u201d. <\/p>\n\t\t\t\t\t\n\t\t\t\t\t\t\t\t\t<\/div>\n\n\t\t\t<\/div>\n\n\t\t<\/div>\n\n\t\n<\/div>\n\n\n\t\t\t\t\t\t\t\t\t\t\t\t\t\t\t\t\t\t\n\n<div class=\"eael-content-timeline-block history \">\n\n\t<div class=\"eael-content-timeline-line\">\n\t\t<div class=\"eael-content-timeline-inner\"><\/div>\n\t<\/div>\n\n\t\n\t<div class=\"eael-content-timeline-img eael-picture \">\n\t\t\t<\/div>\n\n\t\n\t\t<div class=\"eael-content-timeline-content\">\n\n\t\t\t<div class=\"flex gap-24\">\n\n\t\t\t\t<div class=\"w-1\/2\">\n\t\t\t\t\t\t\t\t\t\t\t<h2 class=\"eael-timeline-title\">\n\t\t\t\t\t\t\tAnni 90\t\t\t\t\t\t<\/h2>\n\t\t\t\t\t\t\t\t\t<\/div>\n\n\t\t\t\t<div class=\"w-1\/2\">\n\t\t\t\t\t\t\t\t\t\t\t<p>Si tiene nel 1995 l\u2019ultima edizione della fiera d\u2019arte KAM, la cui organizzazione era divenuta troppo dispendiosa nel contesto dei mutamenti economici. Gli obiettivi originari dell\u2019Associazione, rivolti a uno spazio politico e sociale, tornano in primo piano.<\/p>\n\t\t\t\t\t\n\t\t\t\t\t\t\t\t\t<\/div>\n\n\t\t\t<\/div>\n\n\t\t<\/div>\n\n\t\n<\/div>\n\n\n\t\t\t\t\t\t\t\t\t\t\t\t\t\t\t\t\t\t\n\n<div class=\"eael-content-timeline-block history \">\n\n\t<div class=\"eael-content-timeline-line\">\n\t\t<div class=\"eael-content-timeline-inner\"><\/div>\n\t<\/div>\n\n\t\n\t<div class=\"eael-content-timeline-img eael-picture \">\n\t\t\t<\/div>\n\n\t\n\t\t<div class=\"eael-content-timeline-content\">\n\n\t\t\t<div class=\"flex gap-24\">\n\n\t\t\t\t<div class=\"w-1\/2\">\n\t\t\t\t\t\t\t\t\t\t\t<h2 class=\"eael-timeline-title\">\n\t\t\t\t\t\t\t2003\t\t\t\t\t\t<\/h2>\n\t\t\t\t\t\t\t\t\t<\/div>\n\n\t\t\t\t<div class=\"w-1\/2\">\n\t\t\t\t\t\t\t\t\t\t\t<p>La Svizzera aderisce alla Convenzione Unesco 1970 e crea la legge federale sul trasferimento internazionale dei beni culturali (LTBC).<\/p>\n\t\t\t\t\t\n\t\t\t\t\t\t\t\t\t<\/div>\n\n\t\t\t<\/div>\n\n\t\t<\/div>\n\n\t\n<\/div>\n\n\n\t\t\t\t\t\t\t\t\t\t\t\t\t\t\t\t\t\t\n\n<div class=\"eael-content-timeline-block history \">\n\n\t<div class=\"eael-content-timeline-line\">\n\t\t<div class=\"eael-content-timeline-inner\"><\/div>\n\t<\/div>\n\n\t\n\t<div class=\"eael-content-timeline-img eael-picture \">\n\t\t\t<\/div>\n\n\t\n\t\t<div class=\"eael-content-timeline-content\">\n\n\t\t\t<div class=\"flex gap-24\">\n\n\t\t\t\t<div class=\"w-1\/2\">\n\t\t\t\t\t\t\t\t\t\t\t<h2 class=\"eael-timeline-title\">\n\t\t\t\t\t\t\t2005\t\t\t\t\t\t<\/h2>\n\t\t\t\t\t\t\t\t\t<\/div>\n\n\t\t\t\t<div class=\"w-1\/2\">\n\t\t\t\t\t\t\t\t\t\t\t<p>La legge federale sul trasferimento internazionale dei beni culturali entra in vigore.<\/p>\n\t\t\t\t\t\n\t\t\t\t\t\t\t\t\t<\/div>\n\n\t\t\t<\/div>\n\n\t\t<\/div>\n\n\t\n<\/div>\n\n\n\t\t\t\t\t\t\t\t\t\t\t\t\t\t\t\t\t\t\n\n<div class=\"eael-content-timeline-block history \">\n\n\t<div class=\"eael-content-timeline-line\">\n\t\t<div class=\"eael-content-timeline-inner\"><\/div>\n\t<\/div>\n\n\t\n\t<div class=\"eael-content-timeline-img eael-picture \">\n\t\t\t<\/div>\n\n\t\n\t\t<div class=\"eael-content-timeline-content\">\n\n\t\t\t<div class=\"flex gap-24\">\n\n\t\t\t\t<div class=\"w-1\/2\">\n\t\t\t\t\t\t\t\t\t\t\t<h2 class=\"eael-timeline-title\">\n\t\t\t\t\t\t\t2011\t\t\t\t\t\t<\/h2>\n\t\t\t\t\t\t\t\t\t<\/div>\n\n\t\t\t\t<div class=\"w-1\/2\">\n\t\t\t\t\t\t\t\t\t\t\t<p>Centenario della nascita dell\u2019Associazione.<\/p>\n\t\t\t\t\t\n\t\t\t\t\t\t\t\t\t<\/div>\n\n\t\t\t<\/div>\n\n\t\t<\/div>\n\n\t\n<\/div>\n\n\n\t\t\t\t\t\t\t\t\t\t\t\t\t\t\t\t\t\t\n\n<div class=\"eael-content-timeline-block history \">\n\n\t<div class=\"eael-content-timeline-line\">\n\t\t<div class=\"eael-content-timeline-inner\"><\/div>\n\t<\/div>\n\n\t\n\t<div class=\"eael-content-timeline-img eael-picture \">\n\t\t\t<\/div>\n\n\t\n\t\t<div class=\"eael-content-timeline-content\">\n\n\t\t\t<div class=\"flex gap-24\">\n\n\t\t\t\t<div class=\"w-1\/2\">\n\t\t\t\t\t\t\t\t\t\t\t<h2 class=\"eael-timeline-title\">\n\t\t\t\t\t\t\t2022 \u2013 oggi\t\t\t\t\t\t<\/h2>\n\t\t\t\t\t\t\t\t\t<\/div>\n\n\t\t\t\t<div class=\"w-1\/2\">\n\t\t\t\t\t\t\t\t\t\t\t<p>Le attuali sfide dell\u2019Associazione riguardano la soddisfazione dei requisiti politici contemporanei, specialmente nell\u2019ambito delle spoliazioni naziste e dell\u2019arte perduta. L\u2019Associazione agisce in tal senso come interfaccia tra le autorit\u00e0, i commercianti e i collezionisti. Inoltre, l\u2019Associazione si \u00e8 data il compito etico di facilitare la trasmissione dell\u2019arte di diverse epoche e culture al grande pubblico.<\/p>\n\t\t\t\t\t\n\t\t\t\t\t\t\t\t\t<\/div>\n\n\t\t\t<\/div>\n\n\t\t<\/div>\n\n\t\n<\/div>\n\n\n\t\t\t\t<\/div>\n\t\t\t<\/div>\n\t\t<\/div>\n\t\t\t<\/div>\n\t\t\t\t<\/div>\n\t\t\t\t\t<\/div>\n\t\t<\/div>\n\t\t\t\t\t<\/div>\n\t\t<\/section>\n\t\t\t\t<\/div>\n\t\t","protected":false},"excerpt":{"rendered":"<p>Storia breve Seconda met\u00e0 del 19 secolo I commercianti di cornici, vernici e altre forniture per artisti, i librai e gli stampatori costituiscono i primi punti di contatto per i nuovi e ricchi collezionisti d\u2019arte per l\u2019acquisto di opere d\u2019arte. Da qui nascono ben presto i primi veri e propri negozi d\u2019arte, librerie antiquarie, gallerie [&hellip;]<\/p>\n","protected":false},"author":1,"featured_media":0,"parent":3466,"menu_order":20,"comment_status":"closed","ping_status":"closed","template":"","meta":{"_acf_changed":false,"footnotes":""},"class_list":["post-3471","page","type-page","status-publish","hentry"],"acf":[],"_links":{"self":[{"href":"https:\/\/vsak.ch\/it\/wp-json\/wp\/v2\/pages\/3471","targetHints":{"allow":["GET"]}}],"collection":[{"href":"https:\/\/vsak.ch\/it\/wp-json\/wp\/v2\/pages"}],"about":[{"href":"https:\/\/vsak.ch\/it\/wp-json\/wp\/v2\/types\/page"}],"author":[{"embeddable":true,"href":"https:\/\/vsak.ch\/it\/wp-json\/wp\/v2\/users\/1"}],"replies":[{"embeddable":true,"href":"https:\/\/vsak.ch\/it\/wp-json\/wp\/v2\/comments?post=3471"}],"version-history":[{"count":7,"href":"https:\/\/vsak.ch\/it\/wp-json\/wp\/v2\/pages\/3471\/revisions"}],"predecessor-version":[{"id":3879,"href":"https:\/\/vsak.ch\/it\/wp-json\/wp\/v2\/pages\/3471\/revisions\/3879"}],"up":[{"embeddable":true,"href":"https:\/\/vsak.ch\/it\/wp-json\/wp\/v2\/pages\/3466"}],"wp:attachment":[{"href":"https:\/\/vsak.ch\/it\/wp-json\/wp\/v2\/media?parent=3471"}],"curies":[{"name":"wp","href":"https:\/\/api.w.org\/{rel}","templated":true}]}}