{"id":3229,"date":"2023-09-07T14:30:41","date_gmt":"2023-09-07T12:30:41","guid":{"rendered":"https:\/\/vsak.novatask.biz\/themes\/provenances\/"},"modified":"2024-01-10T11:06:04","modified_gmt":"2024-01-10T10:06:04","slug":"provenances","status":"publish","type":"page","link":"https:\/\/vsak.ch\/fr\/themes\/provenances\/","title":{"rendered":"Provenances"},"content":{"rendered":"\t\t<div data-elementor-type=\"wp-page\" data-elementor-id=\"3229\" class=\"elementor elementor-3229 elementor-2554\" data-elementor-post-type=\"page\">\n\t\t\t\t\t\t<section data-particle_enable=\"false\" data-particle-mobile-disabled=\"false\" class=\"elementor-section elementor-top-section elementor-element elementor-element-d2b7139 elementor-section-boxed elementor-section-height-default elementor-section-height-default\" data-id=\"d2b7139\" data-element_type=\"section\">\n\t\t\t\t\t\t<div class=\"elementor-container elementor-column-gap-default\">\n\t\t\t\t\t<div class=\"elementor-column elementor-col-100 elementor-top-column elementor-element elementor-element-3fcf0af\" data-id=\"3fcf0af\" data-element_type=\"column\">\n\t\t\t<div class=\"elementor-widget-wrap elementor-element-populated\">\n\t\t\t\t\t\t<div class=\"elementor-element elementor-element-95cfb34 elementor-widget elementor-widget-heading\" data-id=\"95cfb34\" data-element_type=\"widget\" data-widget_type=\"heading.default\">\n\t\t\t\t<div class=\"elementor-widget-container\">\n\t\t\t<style>\/*! elementor - v3.23.0 - 05-08-2024 *\/\n.elementor-heading-title{padding:0;margin:0;line-height:1}.elementor-widget-heading .elementor-heading-title[class*=elementor-size-]>a{color:inherit;font-size:inherit;line-height:inherit}.elementor-widget-heading .elementor-heading-title.elementor-size-small{font-size:15px}.elementor-widget-heading .elementor-heading-title.elementor-size-medium{font-size:19px}.elementor-widget-heading .elementor-heading-title.elementor-size-large{font-size:29px}.elementor-widget-heading .elementor-heading-title.elementor-size-xl{font-size:39px}.elementor-widget-heading .elementor-heading-title.elementor-size-xxl{font-size:59px}<\/style><h2 class=\"elementor-heading-title elementor-size-default\">Provenances<\/h2>\t\t<\/div>\n\t\t\t\t<\/div>\n\t\t\t\t<div class=\"elementor-element elementor-element-c3f809a elementor-widget elementor-widget-text-editor\" data-id=\"c3f809a\" data-element_type=\"widget\" data-widget_type=\"text-editor.default\">\n\t\t\t\t<div class=\"elementor-widget-container\">\n\t\t\t<style>\/*! elementor - v3.23.0 - 05-08-2024 *\/\n.elementor-widget-text-editor.elementor-drop-cap-view-stacked .elementor-drop-cap{background-color:#69727d;color:#fff}.elementor-widget-text-editor.elementor-drop-cap-view-framed .elementor-drop-cap{color:#69727d;border:3px solid;background-color:transparent}.elementor-widget-text-editor:not(.elementor-drop-cap-view-default) .elementor-drop-cap{margin-top:8px}.elementor-widget-text-editor:not(.elementor-drop-cap-view-default) .elementor-drop-cap-letter{width:1em;height:1em}.elementor-widget-text-editor .elementor-drop-cap{float:left;text-align:center;line-height:1;font-size:50px}.elementor-widget-text-editor .elementor-drop-cap-letter{display:inline-block}<\/style>\t\t\t\t<p>La recherche de provenance a pris une importance significative en Suisse depuis la Seconde Guerre mondiale, lorsqu\u2019il a \u00e9t\u00e9 commenc\u00e9 \u00e0 identifier les \u0153uvres d\u2019art confisqu\u00e9es et \u00e0 les restituer \u00e0 leurs propri\u00e9taires l\u00e9gitimes. La cr\u00e9ation d\u2019organisations telles que le \u00ab Art Loss Register \u00bb et la mise en place de bases de donn\u00e9es pour les \u0153uvres d\u2019art vol\u00e9es ont rendu la recherche de provenance encore plus importante au niveau international.<\/p>\n<p>La l\u00e9gislation suisse fournit des directives et des r\u00e8gles pour garantir l\u2019acquisition et la vente l\u00e9gitimes d\u2019\u0153uvres d\u2019art. La l\u00e9gislation suisse fournit des directives et des r\u00e8gles pour garantir l\u2019acquisition et la vente l\u00e9gitimes d\u2019\u0153uvres d\u2019art. La loi f\u00e9d\u00e9rale sur le transfert international de biens culturels (2005) r\u00e9git les questions relatives aux biens culturels vol\u00e9s ou export\u00e9s ill\u00e9galement. De plus, la Suisse a rejoint des accords internationaux et participe \u00e0 des initiatives visant \u00e0 promouvoir une conduite \u00e9thique sur le march\u00e9 de l\u2019art, notamment la convention sur les mesures interdisant et emp\u00eachant l\u2019importation, l\u2019exportation et le transfert de propri\u00e9t\u00e9 illicites des biens culturels, adopt\u00e9e par l\u2019UNESCO en 1970. Ces accords encouragent la coop\u00e9ration entre les pays, les mus\u00e9es et les collectionneurs priv\u00e9s en cas de litige sur l\u2019origine des \u0153uvres d\u2019art et la restitution des \u0153uvres d\u2019art d\u00e9tourn\u00e9es ou vol\u00e9es.  <\/p>\n<p>En tant qu\u2019interm\u00e9diaires, les commer\u00e7ants d\u2019art ont une responsabilit\u00e9 en ce qui concerne l\u2019authenticit\u00e9 et l\u2019origine \u00e9thique des \u0153uvres d\u2019art avec lesquelles ils traitent. Ils s\u2019appuient sur la recherche de provenance existante pour d\u00e9terminer la l\u00e9gitimit\u00e9 et le contexte historique. Ainsi, ils peuvent fournir \u00e0 leurs clients des informations pr\u00e9cises sur l\u2019origine, les propri\u00e9taires et l\u2019historique des expositions d\u2019une \u0153uvre d\u2019art. <\/p>\n<p>Des difficult\u00e9s dans la recherche de provenance surviennent lorsque l\u2019histoire d\u2019une \u0153uvre d\u2019art est incompl\u00e8tement document\u00e9e ou non prouv\u00e9e. La Suisse, comme de nombreux autres pays, a connu des cas d\u2019\u0153uvres d\u2019art vol\u00e9es pendant les guerres ou les troubles politiques. Il incombe aux chercheurs en provenance de retrouver les propri\u00e9taires l\u00e9gitimes des \u0153uvres d\u2019art vol\u00e9es, confisqu\u00e9es ou obtenues ill\u00e9galement. Cependant, des ant\u00e9c\u00e9dents historiques complexes et une documentation incompl\u00e8te peuvent rendre difficile la d\u00e9termination pr\u00e9cise et d\u00e9taill\u00e9e de l\u2019origine d\u2019une \u0153uvre d\u2019art.  <\/p>\n<p>Des pr\u00e9occupations \u00e9thiques entrent \u00e9galement en jeu. Les marchands d\u2019art doivent veiller avec une attention particuli\u00e8re \u00e0 ce que tout soit en ordre concernant l\u2019origine et l\u2019authenticit\u00e9 d\u2019une \u0153uvre d\u2019art, afin d\u2019\u00e9viter de traiter avec des \u0153uvres d\u2019art vol\u00e9es ou confisqu\u00e9es. Des consid\u00e9rations \u00e9thiques doivent \u00e9galement \u00eatre prises en compte en ce qui concerne des sujets tels que la transparence, la tarification \u00e9quitable et une conduite responsable dans l\u2019acquisition de biens culturels, en particulier lors du commerce d\u2019\u0153uvres d\u2019art d\u2019autres Pays. <\/p>\n<\/p>\n<p>Autres liens : <\/p>\n<p><a href=\"https:\/\/kunstmarktschweiz.ch\/dossiers\/\">https:\/\/kunstmarktschweiz.ch\/dossiers\/<\/a><\/p>\n<p><a href=\"https:\/\/www.bak.admin.ch\/bak\/de\/home\/kulturerbe\/kulturguetertransfer\">https:\/\/www.bak.admin.ch\/bak\/de\/home\/kulturerbe\/kulturguetertransfer<\/a><\/p>\n<p><a href=\"https:\/\/www.bak.admin.ch\/bak\/de\/home\/kulturerbe\/kulturguetertransfer\/informationen-fuer-den-kunsthandel.html\">https:\/\/www.bak.admin.ch\/bak\/de\/home\/kulturerbe\/kulturguetertransfer\/informationen-fuer-den-kunsthandel.html<\/a><\/p>\n<p><a href=\"https:\/\/unesdoc.unesco.org\/ark:\/48223\/pf0000121320\">https:\/\/unesdoc.unesco.org\/ark:\/48223\/pf0000121320<\/a><\/p>\n<p><a href=\"https:\/\/www.artloss.com\/\">https:\/\/www.artloss.com\/<\/a><\/p>\n\t\t\t\t\t\t<\/div>\n\t\t\t\t<\/div>\n\t\t\t\t\t<\/div>\n\t\t<\/div>\n\t\t\t\t\t<\/div>\n\t\t<\/section>\n\t\t\t\t<\/div>\n\t\t","protected":false},"excerpt":{"rendered":"<p>La recherche de provenance a pris une importance significative en Suisse depuis la Seconde Guerre mondiale, lorsqu\u2019il a \u00e9t\u00e9 commenc\u00e9 \u00e0 identifier les \u0153uvres d\u2019art confisqu\u00e9es et \u00e0 les restituer \u00e0 leurs propri\u00e9taires l\u00e9gitimes. La cr\u00e9ation d\u2019organisations telles que le \u00ab Art Loss Register \u00bb et la mise en place de bases de donn\u00e9es pour [&hellip;]<\/p>\n","protected":false},"author":1,"featured_media":0,"parent":3224,"menu_order":11,"comment_status":"closed","ping_status":"closed","template":"","meta":{"_acf_changed":false,"footnotes":""},"class_list":["post-3229","page","type-page","status-publish","hentry"],"acf":[],"_links":{"self":[{"href":"https:\/\/vsak.ch\/fr\/wp-json\/wp\/v2\/pages\/3229","targetHints":{"allow":["GET"]}}],"collection":[{"href":"https:\/\/vsak.ch\/fr\/wp-json\/wp\/v2\/pages"}],"about":[{"href":"https:\/\/vsak.ch\/fr\/wp-json\/wp\/v2\/types\/page"}],"author":[{"embeddable":true,"href":"https:\/\/vsak.ch\/fr\/wp-json\/wp\/v2\/users\/1"}],"replies":[{"embeddable":true,"href":"https:\/\/vsak.ch\/fr\/wp-json\/wp\/v2\/comments?post=3229"}],"version-history":[{"count":5,"href":"https:\/\/vsak.ch\/fr\/wp-json\/wp\/v2\/pages\/3229\/revisions"}],"predecessor-version":[{"id":3958,"href":"https:\/\/vsak.ch\/fr\/wp-json\/wp\/v2\/pages\/3229\/revisions\/3958"}],"up":[{"embeddable":true,"href":"https:\/\/vsak.ch\/fr\/wp-json\/wp\/v2\/pages\/3224"}],"wp:attachment":[{"href":"https:\/\/vsak.ch\/fr\/wp-json\/wp\/v2\/media?parent=3229"}],"curies":[{"name":"wp","href":"https:\/\/api.w.org\/{rel}","templated":true}]}}